{"id":190,"date":"2023-10-16T18:26:12","date_gmt":"2023-10-16T18:26:12","guid":{"rendered":"https:\/\/www.grundschule-schatthausen.de\/?page_id=190"},"modified":"2023-10-16T18:26:12","modified_gmt":"2023-10-16T18:26:12","slug":"impressum-2","status":"publish","type":"page","link":"https:\/\/www.grundschule-schatthausen.de\/?page_id=190","title":{"rendered":"Datenschutzerkl\u00e4rung"},"content":{"rendered":"\n<h5 class=\"wp-block-heading has-small-font-size\">1. Verantwortlicher und Datenschutzbeauftragte<\/h5>\n\n\n\n<p class=\"has-small-font-size\">1.1 Verantwortlicher gem. Art. 4 Abs. 7 EU-Datenschutz-Grundverordnung (EU-DSGVO) ist<br><em>Claudia Tertnick, Rektorin\u00a0<\/em><br><em>Ortsstra\u00dfe 6<\/em><br><em>69168 Wiesloch<\/em><br><em>poststelle@04147588.schule.bwl.de<\/em><br>(siehe IMPRESSUM).<\/p>\n\n\n\n<p class=\"has-small-font-size\">1.2 Unsere Datenschutzbeauftragte:<br><em>Unseren Datenschutzbeauftragten erreichen Sie unter&nbsp;<a href=\"mailto:datenschutz@ssa-ma.kv.bwl.de\">datenschutz@ssa-ma.kv.bwl.de<\/a>&nbsp;oder unserer Postadresse mit dem Zusatz \u201eder Datenschutzbeauftragte\u201c.<\/em><\/p>\n\n\n\n<h5 class=\"wp-block-heading\">2. Information \u00fcber die Erhebung personenbezogener Daten, Speicherdauer<\/h5>\n\n\n\n<p class=\"has-small-font-size\">2.1 Im Folgenden informieren wir \u00fcber die Erhebung personenbezogener Daten bei Nutzung unserer Website. Personenbezogene Daten sind alle Daten, die auf Sie pers\u00f6nlich beziehbar sind, z. B. Name, Adresse, E-Mail-Adressen, Nutzerverhalten.<br>2.2 Bei Ihrer Kontaktaufnahme mit uns per E-Mail oder \u00fcber ein Kontaktformular werden die von Ihnen mitgeteilten Daten (Ihre E-Mail-Adresse, ggf. Ihr Name und Ihre Telefonnummer) von uns gespeichert, um Ihre Fragen zu beantworten. Die in diesem Zusammenhang anfallenden Daten l\u00f6schen wir, nachdem die Speicherung nicht mehr erforderlich ist, oder schr\u00e4nken die Verarbeitung ein, falls gesetzliche Aufbewahrungspflichten bestehen.<br>2.3 Falls wir f\u00fcr einzelne Funktionen unseres Angebots auf beauftragte Dienstleister zur\u00fcckgreifen oder Ihre Daten f\u00fcr werbliche Zwecke nutzen m\u00f6chten, werden wir Sie untenstehend im Detail \u00fcber die jeweiligen Vorg\u00e4nge informieren. Dabei nennen wir auch die festgelegten Kriterien der Speicherdauer.<\/p>\n\n\n\n<h5 class=\"wp-block-heading\">3. Ihre Rechte<\/h5>\n\n\n\n<p class=\"has-small-font-size\">3.1 Sie haben gegen\u00fcber uns folgende Rechte hinsichtlich der Sie betreffenden personenbezogenen Daten:<br>\u2013 Recht auf Auskunft,<br>\u2013 Recht auf Berichtigung oder L\u00f6schung,<br>\u2013 Recht auf Einschr\u00e4nkung der Verarbeitung,<br>\u2013 Recht auf Widerspruch gegen die Verarbeitung,<br>\u2013 Recht auf Daten\u00fcbertragbarkeit.<br>3.2 Sie haben zudem das Recht, sich bei einer Datenschutz-Aufsichtsbeh\u00f6rde \u00fcber die Verarbeitung Ihrer personenbezogenen Daten durch uns zu beschweren. Die Datenschutzaufsichtsbeh\u00f6rde ist der Landesbeauftragte f\u00fcr den Datenschutz und die Informationsfreiheit (LfDI), K\u00f6nigstrasse 10a, 70173 Stuttgart.<br>3.4 Werden personenbezogene Daten an ein Drittland oder an eine internationale Organisation \u00fcbermittelt, so haben Sie das Recht, \u00fcber die geeigneten Garantien gem\u00e4\u00df Art. 46 EU-DSGVO im Zusammenhang mit der \u00dcbermittlung unterrichtet zu werden.<\/p>\n\n\n\n<h5 class=\"wp-block-heading has-small-font-size\">4. Erhebung und Zweck personenbezogener Daten bei Besuch unserer Website<\/h5>\n\n\n\n<p class=\"has-small-font-size\">Bei der blo\u00df informatorischen Nutzung der Website, also wenn Sie sich nicht registrieren oder uns anderweitig Informationen \u00fcbermitteln, erheben wir nur die personenbezogenen Daten, die Ihr Browser an unseren Server \u00fcbermittelt. Wenn Sie unsere Website betrachten m\u00f6chten, erheben wir die folgenden Daten, die f\u00fcr uns technisch erforderlich sind, um Ihnen unsere Website anzuzeigen und die Stabilit\u00e4t und Sicherheit zu gew\u00e4hrleisten (Rechtsgrundlage ist Art. 6 Abs. 1 S. 1 lit. f EU-DSGVO):<\/p>\n\n\n\n<ul class=\"has-small-font-size wp-block-list\">\n<li>IP-Adresse<\/li>\n\n\n\n<li>Datum und Uhrzeit der Anfrage<\/li>\n\n\n\n<li>Zeitzonendifferenz zur Greenwich Mean Time (GMT)<\/li>\n\n\n\n<li>Inhalt der Anforderung (konkrete Seite)<\/li>\n\n\n\n<li>Zugriffsstatus\/HTTP-Statuscode<\/li>\n\n\n\n<li>Jeweils \u00fcbertragene Datenmenge<\/li>\n\n\n\n<li>Website, von der die Anforderung kommt<\/li>\n\n\n\n<li class=\"has-small-font-size\">Browser<\/li>\n\n\n\n<li>Betriebssystem und dessen Oberfl\u00e4che<\/li>\n\n\n\n<li>Sprache und Version der Browsersoftware.<\/li>\n<\/ul>\n\n\n\n<p style=\"font-size:clamp(0.875rem, 0.875rem + ((1vw - 0.2rem) * 0.045), 0.9rem);line-height:0\"><\/p>\n\n\n\n<div class=\"wp-block-group has-contrast-color has-text-color has-background has-link-color has-small-font-size wp-elements-c6f264856869ab5bde91cf6f463a2dc6 is-content-justification-center is-layout-flex wp-container-core-group-is-layout-a4cf7aa2 wp-block-group-is-layout-flex\" style=\"background-color:#bcdcdc;padding-top:0;padding-right:0;padding-bottom:0;padding-left:0\"><h1 style=\"font-style:normal;font-weight:200;line-height:2.3;letter-spacing:16px;\" class=\"wp-block-site-title has-small-font-size\"><a href=\"https:\/\/www.grundschule-schatthausen.de\" target=\"_self\" rel=\"home\">GRUNDSCHULE SCHATTHAUSEN<\/a><\/h1><\/div>\n","protected":false},"excerpt":{"rendered":"<p>1. Verantwortlicher und Datenschutzbeauftragte 1.1 Verantwortlicher gem. Art. 4 Abs. 7 EU-Datenschutz-Grundverordnung (EU-DSGVO) istClaudia Tertnick, Rektorin\u00a0Ortsstra\u00dfe 669168 Wieslochpoststelle@04147588.schule.bwl.de(siehe IMPRESSUM). 1.2 Unsere Datenschutzbeauftragte:Unseren Datenschutzbeauftragten erreichen Sie unter&nbsp;datenschutz@ssa-ma.kv.bwl.de&nbsp;oder unserer Postadresse mit dem Zusatz \u201eder Datenschutzbeauftragte\u201c. 2. Information \u00fcber die Erhebung personenbezogener Daten, Speicherdauer 2.1 Im Folgenden informieren wir \u00fcber die Erhebung personenbezogener Daten bei Nutzung unserer Website. [&hellip;]<\/p>\n","protected":false},"author":3,"featured_media":0,"parent":0,"menu_order":0,"comment_status":"closed","ping_status":"closed","template":"","meta":{"footnotes":""},"class_list":["post-190","page","type-page","status-publish","hentry"],"_links":{"self":[{"href":"https:\/\/www.grundschule-schatthausen.de\/index.php?rest_route=\/wp\/v2\/pages\/190","targetHints":{"allow":["GET"]}}],"collection":[{"href":"https:\/\/www.grundschule-schatthausen.de\/index.php?rest_route=\/wp\/v2\/pages"}],"about":[{"href":"https:\/\/www.grundschule-schatthausen.de\/index.php?rest_route=\/wp\/v2\/types\/page"}],"author":[{"embeddable":true,"href":"https:\/\/www.grundschule-schatthausen.de\/index.php?rest_route=\/wp\/v2\/users\/3"}],"replies":[{"embeddable":true,"href":"https:\/\/www.grundschule-schatthausen.de\/index.php?rest_route=%2Fwp%2Fv2%2Fcomments&post=190"}],"version-history":[{"count":1,"href":"https:\/\/www.grundschule-schatthausen.de\/index.php?rest_route=\/wp\/v2\/pages\/190\/revisions"}],"predecessor-version":[{"id":191,"href":"https:\/\/www.grundschule-schatthausen.de\/index.php?rest_route=\/wp\/v2\/pages\/190\/revisions\/191"}],"wp:attachment":[{"href":"https:\/\/www.grundschule-schatthausen.de\/index.php?rest_route=%2Fwp%2Fv2%2Fmedia&parent=190"}],"curies":[{"name":"wp","href":"https:\/\/api.w.org\/{rel}","templated":true}]}}